{"id":617,"date":"2024-10-11T16:30:41","date_gmt":"2024-10-11T14:30:41","guid":{"rendered":"https:\/\/paedagogik-olympiade.de\/?page_id=617"},"modified":"2025-05-03T09:10:04","modified_gmt":"2025-05-03T07:10:04","slug":"anfahrt-zur-universitaet-bielefeld","status":"publish","type":"page","link":"https:\/\/paedagogik-olympiade.de\/?page_id=617","title":{"rendered":"Anfahrt zur Universit\u00e4t Bielefeld"},"content":{"rendered":"\t\t<div data-elementor-type=\"wp-page\" data-elementor-id=\"617\" class=\"elementor elementor-617\" data-elementor-post-type=\"page\">\n\t\t\t\t<div class=\"elementor-element elementor-element-2fa237e e-flex e-con-boxed e-con e-parent\" data-id=\"2fa237e\" data-element_type=\"container\" data-e-type=\"container\">\n\t\t\t\t\t<div class=\"e-con-inner\">\n\t\t<div class=\"elementor-element elementor-element-f682b74 e-con-full e-flex e-con e-child\" data-id=\"f682b74\" data-element_type=\"container\" data-e-type=\"container\">\n\t\t\t\t<div class=\"elementor-element elementor-element-06f459e elementor-widget elementor-widget-heading\" data-id=\"06f459e\" data-element_type=\"widget\" data-e-type=\"widget\" data-widget_type=\"heading.default\">\n\t\t\t\t<div class=\"elementor-widget-container\">\n\t\t\t\t\t<h2 class=\"elementor-heading-title elementor-size-default\">Anfahrt<\/h2>\t\t\t\t<\/div>\n\t\t\t\t<\/div>\n\t\t\t\t<\/div>\n\t\t\t\t\t<\/div>\n\t\t\t\t<\/div>\n\t\t<div class=\"elementor-element elementor-element-c7ce845 e-flex e-con-boxed e-con e-parent\" data-id=\"c7ce845\" data-element_type=\"container\" data-e-type=\"container\">\n\t\t\t\t\t<div class=\"e-con-inner\">\n\t\t\t\t<div class=\"elementor-element elementor-element-be203fc elementor-widget-divider--view-line elementor-widget elementor-widget-divider\" data-id=\"be203fc\" data-element_type=\"widget\" data-e-type=\"widget\" data-widget_type=\"divider.default\">\n\t\t\t\t<div class=\"elementor-widget-container\">\n\t\t\t\t\t\t\t<div class=\"elementor-divider\">\n\t\t\t<span class=\"elementor-divider-separator\">\n\t\t\t\t\t\t<\/span>\n\t\t<\/div>\n\t\t\t\t\t\t<\/div>\n\t\t\t\t<\/div>\n\t\t\t\t<div class=\"elementor-element elementor-element-b1aa49d elementor-widget elementor-widget-text-editor\" data-id=\"b1aa49d\" data-element_type=\"widget\" data-e-type=\"widget\" data-widget_type=\"text-editor.default\">\n\t\t\t\t<div class=\"elementor-widget-container\">\n\t\t\t\t\t\t\t\t\t<p>Die P\u00e4dagogik-Olympiade 2026 findet im Audimax der Universit\u00e4t Bielefeld statt: Der gr\u00f6\u00dfte Vorlesungsraum der Uni mit viel Platz.\u00a0<\/p><p>Der Campus der Universit\u00e4t Bielefeld ist sowohl mit dem Auto als auch mit \u00f6ffentlichen Verkehrsmitteln einfach zu erreichen.\u00a0<\/p>\t\t\t\t\t\t\t\t<\/div>\n\t\t\t\t<\/div>\n\t\t\t\t\t<\/div>\n\t\t\t\t<\/div>\n\t\t<div class=\"elementor-element elementor-element-b9c40c9 e-flex e-con-boxed e-con e-parent\" data-id=\"b9c40c9\" data-element_type=\"container\" data-e-type=\"container\">\n\t\t\t\t\t<div class=\"e-con-inner\">\n\t\t\t\t<div class=\"elementor-element elementor-element-143564a elementor-widget elementor-widget-html\" data-id=\"143564a\" data-element_type=\"widget\" data-e-type=\"widget\" data-widget_type=\"html.default\">\n\t\t\t\t<div class=\"elementor-widget-container\">\n\t\t\t\t\t<iframe src=\"https:\/\/www.google.com\/maps\/embed?pb=!1m18!1m12!1m3!1d2454.3615860278665!2d8.492666376778603!3d52.03672707189698!2m3!1f0!2f0!3f0!3m2!1i1024!2i768!4f13.1!3m3!1m2!1s0x47ba22b5ad10b98f%3A0xa128cd4b4ccac32d!2sUniversit%C3%A4t%20Bielefeld!5e0!3m2!1sde!2sde!4v1746256193543!5m2!1sde!2sde\" width=\"600\" height=\"450\" style=\"border:0;\" allowfullscreen=\"\" loading=\"lazy\" referrerpolicy=\"no-referrer-when-downgrade\"><\/iframe>\t\t\t\t<\/div>\n\t\t\t\t<\/div>\n\t\t\t\t\t<\/div>\n\t\t\t\t<\/div>\n\t\t\t\t<\/div>\n\t\t","protected":false},"excerpt":{"rendered":"<p>Anfahrt Die P\u00e4dagogik-Olympiade 2026 findet im Audimax der Universit\u00e4t Bielefeld statt: Der gr\u00f6\u00dfte Vorlesungsraum der Uni mit viel Platz.\u00a0 Der Campus der Universit\u00e4t Bielefeld ist sowohl mit dem Auto als auch mit \u00f6ffentlichen Verkehrsmitteln einfach zu erreichen.\u00a0<\/p>\n","protected":false},"author":1,"featured_media":0,"parent":0,"menu_order":0,"comment_status":"closed","ping_status":"closed","template":"","meta":{"footnotes":""},"class_list":["post-617","page","type-page","status-publish","hentry"],"_links":{"self":[{"href":"https:\/\/paedagogik-olympiade.de\/index.php?rest_route=\/wp\/v2\/pages\/617","targetHints":{"allow":["GET"]}}],"collection":[{"href":"https:\/\/paedagogik-olympiade.de\/index.php?rest_route=\/wp\/v2\/pages"}],"about":[{"href":"https:\/\/paedagogik-olympiade.de\/index.php?rest_route=\/wp\/v2\/types\/page"}],"author":[{"embeddable":true,"href":"https:\/\/paedagogik-olympiade.de\/index.php?rest_route=\/wp\/v2\/users\/1"}],"replies":[{"embeddable":true,"href":"https:\/\/paedagogik-olympiade.de\/index.php?rest_route=%2Fwp%2Fv2%2Fcomments&post=617"}],"version-history":[{"count":25,"href":"https:\/\/paedagogik-olympiade.de\/index.php?rest_route=\/wp\/v2\/pages\/617\/revisions"}],"predecessor-version":[{"id":774,"href":"https:\/\/paedagogik-olympiade.de\/index.php?rest_route=\/wp\/v2\/pages\/617\/revisions\/774"}],"wp:attachment":[{"href":"https:\/\/paedagogik-olympiade.de\/index.php?rest_route=%2Fwp%2Fv2%2Fmedia&parent=617"}],"curies":[{"name":"wp","href":"https:\/\/api.w.org\/{rel}","templated":true}]}}