{"id":717,"date":"2025-03-20T11:10:40","date_gmt":"2025-03-20T10:10:40","guid":{"rendered":"https:\/\/paedagogik-olympiade.de\/?page_id=717"},"modified":"2025-07-07T09:02:48","modified_gmt":"2025-07-07T07:02:48","slug":"paedagogik-olympiade-2026","status":"publish","type":"page","link":"https:\/\/paedagogik-olympiade.de\/?page_id=717","title":{"rendered":"P\u00e4dagogik-Olympiade 2025"},"content":{"rendered":"\t\t<div data-elementor-type=\"wp-page\" data-elementor-id=\"717\" class=\"elementor elementor-717\" data-elementor-post-type=\"page\">\n\t\t\t\t<div class=\"elementor-element elementor-element-90623d6 e-flex e-con-boxed e-con e-parent\" data-id=\"90623d6\" data-element_type=\"container\" data-e-type=\"container\">\n\t\t\t\t\t<div class=\"e-con-inner\">\n\t\t\t\t<div class=\"elementor-element elementor-element-914acd0 elementor-widget elementor-widget-image\" data-id=\"914acd0\" data-element_type=\"widget\" data-e-type=\"widget\" data-widget_type=\"image.default\">\n\t\t\t\t<div class=\"elementor-widget-container\">\n\t\t\t\t\t\t\t\t\t\t\t\t\t\t\t<img fetchpriority=\"high\" decoding=\"async\" width=\"1024\" height=\"505\" src=\"https:\/\/paedagogik-olympiade.de\/wp-content\/uploads\/2025\/02\/Foto-1024x505.jpeg\" class=\"attachment-large size-large wp-image-705\" alt=\"\" srcset=\"https:\/\/paedagogik-olympiade.de\/wp-content\/uploads\/2025\/02\/Foto-1024x505.jpeg 1024w, https:\/\/paedagogik-olympiade.de\/wp-content\/uploads\/2025\/02\/Foto-300x148.jpeg 300w, https:\/\/paedagogik-olympiade.de\/wp-content\/uploads\/2025\/02\/Foto-768x379.jpeg 768w, https:\/\/paedagogik-olympiade.de\/wp-content\/uploads\/2025\/02\/Foto-1536x757.jpeg 1536w, https:\/\/paedagogik-olympiade.de\/wp-content\/uploads\/2025\/02\/Foto-2048x1009.jpeg 2048w\" sizes=\"(max-width: 1024px) 100vw, 1024px\" \/>\t\t\t\t\t\t\t\t\t\t\t\t\t\t\t<\/div>\n\t\t\t\t<\/div>\n\t\t\t\t<div class=\"elementor-element elementor-element-03b0e82 elementor-widget elementor-widget-heading\" data-id=\"03b0e82\" data-element_type=\"widget\" data-e-type=\"widget\" data-widget_type=\"heading.default\">\n\t\t\t\t<div class=\"elementor-widget-container\">\n\t\t\t\t\t<h2 class=\"elementor-heading-title elementor-size-default\">P\u00e4dagogik-Olympiade 2025<\/h2>\t\t\t\t<\/div>\n\t\t\t\t<\/div>\n\t\t\t\t\t<\/div>\n\t\t\t\t<\/div>\n\t\t<div class=\"elementor-element elementor-element-930a2e6 e-flex e-con-boxed e-con e-parent\" data-id=\"930a2e6\" data-element_type=\"container\" data-e-type=\"container\">\n\t\t\t\t\t<div class=\"e-con-inner\">\n\t\t\t\t<div class=\"elementor-element elementor-element-5883eac elementor-widget elementor-widget-video\" data-id=\"5883eac\" data-element_type=\"widget\" data-e-type=\"widget\" data-settings=\"{&quot;youtube_url&quot;:&quot;https:\\\/\\\/www.youtube.com\\\/watch?v=NUzH1hQ40aA&amp;feature=youtu.be&quot;,&quot;video_type&quot;:&quot;youtube&quot;,&quot;controls&quot;:&quot;yes&quot;}\" data-widget_type=\"video.default\">\n\t\t\t\t<div class=\"elementor-widget-container\">\n\t\t\t\t\t\t\t<div class=\"elementor-wrapper elementor-open-inline\">\n\t\t\t<div class=\"elementor-video\"><\/div>\t\t<\/div>\n\t\t\t\t\t\t<\/div>\n\t\t\t\t<\/div>\n\t\t\t\t<div class=\"elementor-element elementor-element-c0ded7f elementor-widget elementor-widget-text-editor\" data-id=\"c0ded7f\" data-element_type=\"widget\" data-e-type=\"widget\" data-widget_type=\"text-editor.default\">\n\t\t\t\t<div class=\"elementor-widget-container\">\n\t\t\t\t\t\t\t\t\t<p>Das Manuskript der Vorlesung von Prof. Wilhelm Heitmeyer kann hier heruntergeladen werden:<\/p>\t\t\t\t\t\t\t\t<\/div>\n\t\t\t\t<\/div>\n\t\t\t\t<div class=\"elementor-element elementor-element-d0a2349 elementor-align-center e-transform elementor-widget elementor-widget-button\" data-id=\"d0a2349\" data-element_type=\"widget\" data-e-type=\"widget\" data-settings=\"{&quot;_transform_scale_effect_hover&quot;:{&quot;unit&quot;:&quot;px&quot;,&quot;size&quot;:1.2,&quot;sizes&quot;:[]},&quot;_transform_scale_effect_hover_tablet&quot;:{&quot;unit&quot;:&quot;px&quot;,&quot;size&quot;:&quot;&quot;,&quot;sizes&quot;:[]},&quot;_transform_scale_effect_hover_mobile&quot;:{&quot;unit&quot;:&quot;px&quot;,&quot;size&quot;:&quot;&quot;,&quot;sizes&quot;:[]}}\" data-widget_type=\"button.default\">\n\t\t\t\t<div class=\"elementor-widget-container\">\n\t\t\t\t\t\t\t\t\t<div class=\"elementor-button-wrapper\">\n\t\t\t\t\t<a class=\"elementor-button elementor-button-link elementor-size-sm\" href=\"https:\/\/paedagogik-olympiade.de\/wp-content\/uploads\/2025\/03\/2025_Beitrag_Heitmeyer_Paedagogik_Olympiade.pdf\">\n\t\t\t\t\t\t<span class=\"elementor-button-content-wrapper\">\n\t\t\t\t\t\t\t\t\t<span class=\"elementor-button-text\">Download \"Identit\u00e4t und Gewalt\"<\/span>\n\t\t\t\t\t<\/span>\n\t\t\t\t\t<\/a>\n\t\t\t\t<\/div>\n\t\t\t\t\t\t\t\t<\/div>\n\t\t\t\t<\/div>\n\t\t\t\t\t<\/div>\n\t\t\t\t<\/div>\n\t\t<div class=\"elementor-element elementor-element-702bd18 e-flex e-con-boxed e-con e-parent\" data-id=\"702bd18\" data-element_type=\"container\" data-e-type=\"container\">\n\t\t\t\t\t<div class=\"e-con-inner\">\n\t\t\t\t<div class=\"elementor-element elementor-element-77b5d77 elementor-widget elementor-widget-spacer\" data-id=\"77b5d77\" data-element_type=\"widget\" data-e-type=\"widget\" data-widget_type=\"spacer.default\">\n\t\t\t\t<div class=\"elementor-widget-container\">\n\t\t\t\t\t\t\t<div class=\"elementor-spacer\">\n\t\t\t<div class=\"elementor-spacer-inner\"><\/div>\n\t\t<\/div>\n\t\t\t\t\t\t<\/div>\n\t\t\t\t<\/div>\n\t\t\t\t\t<\/div>\n\t\t\t\t<\/div>\n\t\t<div class=\"elementor-element elementor-element-b233e7c e-flex e-con-boxed e-con e-parent\" data-id=\"b233e7c\" data-element_type=\"container\" data-e-type=\"container\">\n\t\t\t\t\t<div class=\"e-con-inner\">\n\t\t<div class=\"elementor-element elementor-element-9482adf e-con-full e-flex e-con e-child\" data-id=\"9482adf\" data-element_type=\"container\" data-e-type=\"container\">\n\t\t\t\t<div class=\"elementor-element elementor-element-e255cfd elementor-widget elementor-widget-image\" data-id=\"e255cfd\" data-element_type=\"widget\" data-e-type=\"widget\" data-widget_type=\"image.default\">\n\t\t\t\t<div class=\"elementor-widget-container\">\n\t\t\t\t\t\t\t\t\t\t\t\t\t\t\t<img decoding=\"async\" width=\"968\" height=\"557\" src=\"https:\/\/paedagogik-olympiade.de\/wp-content\/uploads\/2024\/04\/Bildschirmfoto-2024-04-30-um-17.59.42-1.png\" class=\"attachment-large size-large wp-image-526\" alt=\"\" srcset=\"https:\/\/paedagogik-olympiade.de\/wp-content\/uploads\/2024\/04\/Bildschirmfoto-2024-04-30-um-17.59.42-1.png 968w, https:\/\/paedagogik-olympiade.de\/wp-content\/uploads\/2024\/04\/Bildschirmfoto-2024-04-30-um-17.59.42-1-300x173.png 300w, https:\/\/paedagogik-olympiade.de\/wp-content\/uploads\/2024\/04\/Bildschirmfoto-2024-04-30-um-17.59.42-1-768x442.png 768w\" sizes=\"(max-width: 968px) 100vw, 968px\" \/>\t\t\t\t\t\t\t\t\t\t\t\t\t\t\t<\/div>\n\t\t\t\t<\/div>\n\t\t\t\t<\/div>\n\t\t<div class=\"elementor-element elementor-element-f9c2c8f e-con-full e-flex e-con e-child\" data-id=\"f9c2c8f\" data-element_type=\"container\" data-e-type=\"container\">\n\t\t\t\t<div class=\"elementor-element elementor-element-fac3e08 elementor-widget elementor-widget-heading\" data-id=\"fac3e08\" data-element_type=\"widget\" data-e-type=\"widget\" data-widget_type=\"heading.default\">\n\t\t\t\t<div class=\"elementor-widget-container\">\n\t\t\t\t\t<h2 class=\"elementor-heading-title elementor-size-default\">Hier gelangen Sie zu den eingereichten Beitr\u00e4gen: <\/h2>\t\t\t\t<\/div>\n\t\t\t\t<\/div>\n\t\t\t\t<div class=\"elementor-element elementor-element-29f2460 elementor-align-center e-transform elementor-widget elementor-widget-button\" data-id=\"29f2460\" data-element_type=\"widget\" data-e-type=\"widget\" data-settings=\"{&quot;_transform_scale_effect_hover&quot;:{&quot;unit&quot;:&quot;px&quot;,&quot;size&quot;:1.2,&quot;sizes&quot;:[]},&quot;_transform_scale_effect_hover_tablet&quot;:{&quot;unit&quot;:&quot;px&quot;,&quot;size&quot;:&quot;&quot;,&quot;sizes&quot;:[]},&quot;_transform_scale_effect_hover_mobile&quot;:{&quot;unit&quot;:&quot;px&quot;,&quot;size&quot;:&quot;&quot;,&quot;sizes&quot;:[]}}\" data-widget_type=\"button.default\">\n\t\t\t\t<div class=\"elementor-widget-container\">\n\t\t\t\t\t\t\t\t\t<div class=\"elementor-button-wrapper\">\n\t\t\t\t\t<a class=\"elementor-button elementor-button-link elementor-size-sm\" href=\"https:\/\/paedagogik-olympiade.de\/?page_id=703\">\n\t\t\t\t\t\t<span class=\"elementor-button-content-wrapper\">\n\t\t\t\t\t\t\t\t\t<span class=\"elementor-button-text\">Zu den Beitr\u00e4gen<\/span>\n\t\t\t\t\t<\/span>\n\t\t\t\t\t<\/a>\n\t\t\t\t<\/div>\n\t\t\t\t\t\t\t\t<\/div>\n\t\t\t\t<\/div>\n\t\t\t\t<\/div>\n\t\t\t\t\t<\/div>\n\t\t\t\t<\/div>\n\t\t\t\t<\/div>\n\t\t","protected":false},"excerpt":{"rendered":"<p>P\u00e4dagogik-Olympiade 2025 https:\/\/www.youtube.com\/watch?v=NUzH1hQ40aA&#038;feature=youtu.be Das Manuskript der Vorlesung von Prof. Wilhelm Heitmeyer kann hier heruntergeladen werden: Download &#8222;Identit\u00e4t und Gewalt&#8220; Hier gelangen Sie zu den eingereichten Beitr\u00e4gen: Zu den Beitr\u00e4gen<\/p>\n","protected":false},"author":1,"featured_media":0,"parent":0,"menu_order":0,"comment_status":"closed","ping_status":"closed","template":"","meta":{"footnotes":""},"class_list":["post-717","page","type-page","status-publish","hentry"],"_links":{"self":[{"href":"https:\/\/paedagogik-olympiade.de\/index.php?rest_route=\/wp\/v2\/pages\/717","targetHints":{"allow":["GET"]}}],"collection":[{"href":"https:\/\/paedagogik-olympiade.de\/index.php?rest_route=\/wp\/v2\/pages"}],"about":[{"href":"https:\/\/paedagogik-olympiade.de\/index.php?rest_route=\/wp\/v2\/types\/page"}],"author":[{"embeddable":true,"href":"https:\/\/paedagogik-olympiade.de\/index.php?rest_route=\/wp\/v2\/users\/1"}],"replies":[{"embeddable":true,"href":"https:\/\/paedagogik-olympiade.de\/index.php?rest_route=%2Fwp%2Fv2%2Fcomments&post=717"}],"version-history":[{"count":18,"href":"https:\/\/paedagogik-olympiade.de\/index.php?rest_route=\/wp\/v2\/pages\/717\/revisions"}],"predecessor-version":[{"id":879,"href":"https:\/\/paedagogik-olympiade.de\/index.php?rest_route=\/wp\/v2\/pages\/717\/revisions\/879"}],"wp:attachment":[{"href":"https:\/\/paedagogik-olympiade.de\/index.php?rest_route=%2Fwp%2Fv2%2Fmedia&parent=717"}],"curies":[{"name":"wp","href":"https:\/\/api.w.org\/{rel}","templated":true}]}}